{"id":585,"date":"2024-01-05T17:09:55","date_gmt":"2024-01-05T16:09:55","guid":{"rendered":"https:\/\/scl-france.org\/adhesion\/"},"modified":"2026-01-28T09:48:47","modified_gmt":"2026-01-28T08:48:47","slug":"adhesion","status":"publish","type":"page","link":"https:\/\/scl-france.org\/fr\/adhesion\/","title":{"rendered":"Adh\u00e9sion"},"content":{"rendered":"<p>[et_pb_section fb_built=\u00a0\u00bb1&Prime; fullwidth=\u00a0\u00bbon\u00a0\u00bb _builder_version=\u00a0\u00bb4.23.3&Prime; _module_preset=\u00a0\u00bbdefault\u00a0\u00bb bottom_divider_style=\u00a0\u00bbramp2&Prime; bottom_divider_color=\u00a0\u00bbgcid-866fc69f-2f73-4fd7-b868-5c87439fa95d\u00a0\u00bb global_colors_info=\u00a0\u00bb{%22gcid-866fc69f-2f73-4fd7-b868-5c87439fa95d%22:%91%22bottom_divider_color%22%93}\u00a0\u00bb][et_pb_fullwidth_image src=\u00a0\u00bbhttps:\/\/scl-france.org\/wp-content\/uploads\/2023\/12\/Eiffel_Home.jpg\u00a0\u00bb title_text=\u00a0\u00bbMaison_Eiffel\u00a0\u00bb url=\u00a0\u00bb@ET-DC@eyJkeW5hbWljIjp0cnVlLCJjb250ZW50IjoicG9zdF9saW5rX3VybF9wYWdlIiwic2V0dGluZ3MiOnsicG9zdF9pZCI6IjEwNSIsImVuYWJsZV9odG1sIjoib2ZmIn19@\u00a0\u00bb _builder_version=\u00a0\u00bb4.24.0&Prime; _dynamic_attributes=\u00a0\u00bburl\u00a0\u00bb _module_preset=\u00a0\u00bbdefault\u00a0\u00bb global_colors_info=\u00a0\u00bb{}\u00a0\u00bb][\/et_pb_fullwidth_image][\/et_pb_section][et_pb_section fb_built=\u00a0\u00bb1&Prime; module_id=\u00a0\u00bb\u00e9v\u00e9nement_de_lancement\u00a0\u00bb _builder_version=\u00a0\u00bb4.23.4&Prime; _module_preset=\u00a0\u00bbdefault\u00a0\u00bb background_color=\u00a0\u00bbgcid-866fc69f-2f73-4fd7-b868-5c87439fa95d\u00a0\u00bb min_height=\u00a0\u00bb100vh\u00a0\u00bb custom_padding=\u00a0\u00bb5px||||false|false\u00a0\u00bb bottom_divider_color=\u00a0\u00bb#D6D6D6&Prime; bottom_divider_flip=\u00a0\u00bbhorizontal\u00a0\u00bb global_colors_info=\u00a0\u00bb{%22gcid-866fc69f-2f73-4fd7-b868-5c87439fa95d%22:%91%22background_color%22%93}\u00a0\u00bb][et_pb_row _builder_version=\u00a0\u00bb4.23.2&Prime; _module_preset=\u00a0\u00bbdefault\u00a0\u00bb global_colors_info=\u00a0\u00bb{}\u00a0\u00bb][et_pb_column type=\u00a0\u00bb4_4&Prime; _builder_version=\u00a0\u00bb4.23.2&Prime; _module_preset=\u00a0\u00bbdefault\u00a0\u00bb global_colors_info=\u00a0\u00bb{}\u00a0\u00bb][et_pb_text _builder_version=\u00a0\u00bb4.23.4&Prime; _module_preset=\u00a0\u00bbdefault\u00a0\u00bb header_font=\u00a0\u00bb|||on|||||\u00a0\u00bb header_2_font=\u00a0\u00bb|600||on|||||\u00a0\u00bb header_2_text_color=\u00a0\u00bbgcid-8b197259-b283-424b-916e-acd7efddf76a\u00a0\u00bb global_colors_info=\u00a0\u00bb{%22gcid-8b197259-b283-424b-916e-acd7efddf76a%22:%91%22header_2_text_color%22%93}\u00a0\u00bb]<\/p>\n<h2>ADH\u00c9SION<\/h2>\n<p>[\/et_pb_text][\/et_pb_column][\/et_pb_row][et_pb_row _builder_version=\u00a0\u00bb4.23.2&Prime; _module_preset=\u00a0\u00bbdefault\u00a0\u00bb global_colors_info=\u00a0\u00bb{}\u00a0\u00bb][et_pb_column type=\u00a0\u00bb4_4&Prime; _builder_version=\u00a0\u00bb4.23.2&Prime; _module_preset=\u00a0\u00bbdefault\u00a0\u00bb global_colors_info=\u00a0\u00bb{}\u00a0\u00bb][et_pb_text _builder_version=\u00a0\u00bb4.23.4&Prime; _module_preset=\u00a0\u00bbdefault\u00a0\u00bb text_text_color=\u00a0\u00bbgcid-8b197259-b283-424b-916e-acd7efddf76a\u00a0\u00bb text_font_size=\u00a0\u00bb20px\u00a0\u00bb text_line_height=\u00a0\u00bb1.8em\u00a0\u00bb custom_margin=\u00a0\u00bb||-1px|||\u00a0\u00bb global_colors_info=\u00a0\u00bb{%22gcid-8b197259-b283-424b-916e-acd7efddf76a%22:%91%22text_text_color%22%93}\u00a0\u00bb]<\/p>\n<p><span>Devenez adh\u00e9rent de la SCL France. <\/span>Vous pouvez devenir adh\u00e9rent si vous avez un int\u00e9r\u00eat et \u00eates impliqu\u00e9 professionnellement dans le droit de la construction. L&rsquo;adh\u00e9sion \u00e0 la SCL FRANCE est ouverte de tous les secteurs de l&rsquo;industrie de la construction, incluant les architectes, les ing\u00e9nieurs, les g\u00e9om\u00e8tres, les entrepreneurs, les promoteurs, les avocats, les juristes, les arbitres et les experts.<\/p>\n<p>Le montant de l&rsquo;adh\u00e9sion <strong>pour l&rsquo;ann\u00e9e 2026<\/strong>\u00a0s&rsquo;\u00e9l\u00e8ve \u00e0 100\u20ac et doit \u00eatre r\u00e9gl\u00e9 en ligne via le site HelloAsso. Les \u00e9tudiants b\u00e9n\u00e9ficient d&rsquo;un tarif r\u00e9duit de 50\u20ac.<\/p>\n<p>L&rsquo;adh\u00e9sion \u00e0 la SCL FRANCE comporte de nombreux avantages :<\/p>\n<ul>\n<li>Participation gratuite \u00e0 certains \u00e9v\u00e9nements organis\u00e9s par la SCL FRANCE tout au long de l&rsquo;ann\u00e9e ou \u00e0 tarif r\u00e9duit en cas de paiement d&rsquo;un droit d&rsquo;entr\u00e9e.<\/li>\n<li>Acc\u00e8s aux articles publi\u00e9s par toutes les branches du r\u00e9seau SCL dans le monde (environ 20 articles professionnels par an). Les membres peuvent les t\u00e9l\u00e9charger gratuitement.<span> <\/span><a href=\"https:\/\/www.sclinternational.org\/papers\" target=\"_blank\" rel=\"noopener\">En savoir plus<\/a><\/li>\n<li>Un contenu pr\u00e9cieux r\u00e9serv\u00e9 aux membres sur le site web, notamment des podcasts, des conf\u00e9rences et des rapports.<\/li>\n<li>Inscription dans l&rsquo;annuaire des membres.<\/li>\n<li>La possibilt\u00e9 de participer aux travaux des commissions et l&rsquo;\u00e9ligibilit\u00e9 \u00e0 int\u00e9grer l&rsquo;organisation de la SCL France.<\/li>\n<\/ul>\n<p>&nbsp;<\/p>\n<p>[\/et_pb_text][et_pb_contact_form captcha=\u00a0\u00bboff\u00a0\u00bb use_redirect=\u00a0\u00bbon\u00a0\u00bb redirect_url=\u00a0\u00bbhttps:\/\/www.helloasso.com\/associations\/scl-france\/adhesions\/adhesion-scl-france-2026&Prime; success_message=\u00a0\u00bbVous allez \u00eatre redirig\u00e9 vers le site HelloAsso.\u00a0\u00bb submit_button_text=\u00a0\u00bbAdh\u00e9sion\u00a0\u00bb _builder_version=\u00a0\u00bb4.27.5&Prime; _module_preset=\u00a0\u00bbdefault\u00a0\u00bb _unique_id=\u00a0\u00bb470b4fd6-9087-42d2-a498-07c4743154df\u00a0\u00bb form_field_background_color=\u00a0\u00bb#FFFFFF\u00a0\u00bb form_field_text_color=\u00a0\u00bbgcid-8b197259-b283-424b-916e-acd7efddf76a\u00a0\u00bb title_level=\u00a0\u00bbh2&Prime; title_text_color=\u00a0\u00bb#FFFFFF\u00a0\u00bb title_font_size=\u00a0\u00bb20px\u00a0\u00bb captcha_font_size=\u00a0\u00bb20px\u00a0\u00bb form_field_font=\u00a0\u00bbOpen Sans||||||||\u00a0\u00bb form_field_text_align=\u00a0\u00bbleft\u00a0\u00bb form_field_font_size=\u00a0\u00bb18px\u00a0\u00bb background_color=\u00a0\u00bbRGBA(255,255,255,0)\u00a0\u00bb custom_button=\u00a0\u00bbon\u00a0\u00bb button_text_size=\u00a0\u00bb20px\u00a0\u00bb button_text_color=\u00a0\u00bbgcid-866fc69f-2f73-4fd7-b868-5c87439fa95d\u00a0\u00bb button_bg_color=\u00a0\u00bbgcid-8b197259-b283-424b-916e-acd7efddf76a\u00a0\u00bb button_border_width=\u00a0\u00bb1px\u00a0\u00bb button_border_color=\u00a0\u00bb#FFFFFF\u00a0\u00bb button_border_radius=\u00a0\u00bb20px\u00a0\u00bb button_font=\u00a0\u00bbOpen Sans|||on|||||\u00a0\u00bb button_icon=\u00a0\u00bb&#x6c;||divi||400&Prime; button_icon_placement=\u00a0\u00bbleft\u00a0\u00bb button_custom_margin=\u00a0\u00bb14px||||false|false\u00a0\u00bb hover_enabled=\u00a0\u00bb0&Prime; border_radii=\u00a0\u00bbon|5px|5px|5px|5px\u00a0\u00bb global_colors_info=\u00a0\u00bb{%22gcid-8b197259-b283-424b-916e-acd7efddf76a%22:%91%22form_field_text_color%22,%22button_bg_color%22%93,%22gcid-866fc69f-2f73-4fd7-b868-5c87439fa95d%22:%91%22button_text_color%22%93}\u00a0\u00bb title__hover_enabled=\u00a0\u00bbon|desktop\u00a0\u00bb title__hover=\u00a0\u00bb\u00a0\u00bb sticky_enabled=\u00a0\u00bb0&Prime;][et_pb_contact_field field_id=\u00a0\u00bbCompliance\u00a0\u00bb field_title=\u00a0\u00bb \u00a0\u00bb field_type=\u00a0\u00bbradio\u00a0\u00bb radio_options=\u00a0\u00bb%91{%22value%22:%22En faisant acte de candidature, vous vous engagez \u00e0 respecter les statuts de la SCL France et tout autre r\u00e8glement applicable. Les nouveaux membres acqui\u00e8rent la qualit\u00e9 de membre \u00e0 partir de la date de leur \u00e9lection par le Bureau et du paiement de leur cotisation.%22,%22checked%22:0,%22dragID%22:-1}%93&Prime; fullwidth_field=\u00a0\u00bbon\u00a0\u00bb _builder_version=\u00a0\u00bb4.23.4&Prime; global_colors_info=\u00a0\u00bb{}\u00a0\u00bb button_text_size__hover_enabled=\u00a0\u00bboff\u00a0\u00bb button_one_text_size__hover_enabled=\u00a0\u00bboff\u00a0\u00bb button_two_text_size__hover_enabled=\u00a0\u00bboff\u00a0\u00bb button_text_color__hover_enabled=\u00a0\u00bboff\u00a0\u00bb button_one_text_color__hover_enabled=\u00a0\u00bboff\u00a0\u00bb button_two_text_color__hover_enabled=\u00a0\u00bboff\u00a0\u00bb button_border_width__hover_enabled=\u00a0\u00bboff\u00a0\u00bb button_one_border_width__hover_enabled=\u00a0\u00bboff\u00a0\u00bb button_two_border_width__hover_enabled=\u00a0\u00bboff\u00a0\u00bb button_border_color__hover_enabled=\u00a0\u00bboff\u00a0\u00bb button_one_border_color__hover_enabled=\u00a0\u00bboff\u00a0\u00bb button_two_border_color__hover_enabled=\u00a0\u00bboff\u00a0\u00bb button_border_radius__hover_enabled=\u00a0\u00bboff\u00a0\u00bb button_one_border_radius__hover_enabled=\u00a0\u00bboff\u00a0\u00bb button_two_border_radius__hover_enabled=\u00a0\u00bboff\u00a0\u00bb button_letter_spacing__hover_enabled=\u00a0\u00bboff\u00a0\u00bb button_one_letter_spacing__hover_enabled=\u00a0\u00bboff\u00a0\u00bb button_two_letter_spacing__hover_enabled=\u00a0\u00bboff\u00a0\u00bb button_bg_color__hover_enabled=\u00a0\u00bboff\u00a0\u00bb button_one_bg_color__hover_enabled=\u00a0\u00bboff\u00a0\u00bb button_two_bg_color__hover_enabled=\u00a0\u00bboff\u00a0\u00bb][\/et_pb_contact_field][\/et_pb_contact_form][\/et_pb_column][\/et_pb_row][\/et_pb_section]<\/p>\n","protected":false},"excerpt":{"rendered":"<p>ADH\u00c9SIONDevenez adh\u00e9rent de la SCL France. Vous pouvez devenir adh\u00e9rent si vous avez un int\u00e9r\u00eat et \u00eates impliqu\u00e9 professionnellement dans le droit de la construction. L&rsquo;adh\u00e9sion \u00e0 la SCL FRANCE est ouverte de tous les secteurs de l&rsquo;industrie de la construction, incluant les architectes, les ing\u00e9nieurs, les g\u00e9om\u00e8tres, les entrepreneurs, les promoteurs, les avocats, les [&hellip;]<\/p>\n","protected":false},"author":1,"featured_media":0,"parent":0,"menu_order":0,"comment_status":"closed","ping_status":"closed","template":"","meta":{"_et_pb_use_builder":"on","_et_pb_old_content":"","_et_gb_content_width":"","footnotes":""},"class_list":["post-585","page","type-page","status-publish","hentry"],"_links":{"self":[{"href":"https:\/\/scl-france.org\/fr\/wp-json\/wp\/v2\/pages\/585","targetHints":{"allow":["GET"]}}],"collection":[{"href":"https:\/\/scl-france.org\/fr\/wp-json\/wp\/v2\/pages"}],"about":[{"href":"https:\/\/scl-france.org\/fr\/wp-json\/wp\/v2\/types\/page"}],"author":[{"embeddable":true,"href":"https:\/\/scl-france.org\/fr\/wp-json\/wp\/v2\/users\/1"}],"replies":[{"embeddable":true,"href":"https:\/\/scl-france.org\/fr\/wp-json\/wp\/v2\/comments?post=585"}],"version-history":[{"count":18,"href":"https:\/\/scl-france.org\/fr\/wp-json\/wp\/v2\/pages\/585\/revisions"}],"predecessor-version":[{"id":1211,"href":"https:\/\/scl-france.org\/fr\/wp-json\/wp\/v2\/pages\/585\/revisions\/1211"}],"wp:attachment":[{"href":"https:\/\/scl-france.org\/fr\/wp-json\/wp\/v2\/media?parent=585"}],"curies":[{"name":"wp","href":"https:\/\/api.w.org\/{rel}","templated":true}]}}